{"id":925,"date":"2024-06-12T01:22:34","date_gmt":"2024-06-11T23:22:34","guid":{"rendered":"https:\/\/www.bintoufaitout.com\/index.php\/produit\/grand-cuiseur-de-riz\/"},"modified":"2024-06-12T01:22:35","modified_gmt":"2024-06-11T23:22:35","slug":"grand-cuiseur-de-riz","status":"publish","type":"product","link":"https:\/\/www.bintoufaitout.com\/index.php\/produit\/grand-cuiseur-de-riz\/","title":{"rendered":"Grand cuiseur de riz"},"content":{"rendered":"<p><span style=\"font-family: Roboto;font-size: 13px;font-style: normal;font-weight: 400;letter-spacing: normal;text-align: start;text-indent: 0px;text-transform: none;text-decoration: none;float: none\">Le mod\u00e8le de cuiseur \u00e0 riz de RS-C020 est un choix id\u00e9al pour les besoins de cuisson en gros. Avec sa capacit\u00e9 de 4.2 L, il peut facilement pr\u00e9parer de grandes quantit\u00e9s de riz pour les restaurants, cantines et autres \u00e9tablissements alimentaires. Ce cuiseur \u00e0 riz est \u00e9quip\u00e9 d\u2019une technologie de pointe qui assure une cuisson uniforme et parfaite \u00e0 chaque fois<\/span><\/p>\n","protected":false},"excerpt":{"rendered":"<p>Le mod\u00e8le de cuiseur \u00e0 riz de RS-C020 est un choix id\u00e9al pour les besoins de cuisson en gros. Avec sa capacit\u00e9 de 4.2 L, il peut facilement pr\u00e9parer de grandes quantit\u00e9s de riz pour les restaurants, cantines et autres \u00e9tablissements alimentaires. Ce cuiseur \u00e0 riz est \u00e9quip\u00e9 d\u2019une technologie de pointe qui assure une [&hellip;]<\/p>\n","protected":false},"featured_media":924,"comment_status":"open","ping_status":"closed","template":"","meta":[],"product_brand":[],"product_cat":[58],"product_tag":[],"class_list":{"0":"post-925","1":"product","2":"type-product","3":"status-publish","4":"has-post-thumbnail","6":"product_cat-linges-de-lit","8":"first","9":"instock","10":"sale","11":"shipping-taxable","12":"purchasable","13":"product-type-simple"},"jetpack_sharing_enabled":true,"_links":{"self":[{"href":"https:\/\/www.bintoufaitout.com\/index.php\/wp-json\/wp\/v2\/product\/925","targetHints":{"allow":["GET"]}}],"collection":[{"href":"https:\/\/www.bintoufaitout.com\/index.php\/wp-json\/wp\/v2\/product"}],"about":[{"href":"https:\/\/www.bintoufaitout.com\/index.php\/wp-json\/wp\/v2\/types\/product"}],"replies":[{"embeddable":true,"href":"https:\/\/www.bintoufaitout.com\/index.php\/wp-json\/wp\/v2\/comments?post=925"}],"wp:featuredmedia":[{"embeddable":true,"href":"https:\/\/www.bintoufaitout.com\/index.php\/wp-json\/wp\/v2\/media\/924"}],"wp:attachment":[{"href":"https:\/\/www.bintoufaitout.com\/index.php\/wp-json\/wp\/v2\/media?parent=925"}],"wp:term":[{"taxonomy":"product_brand","embeddable":true,"href":"https:\/\/www.bintoufaitout.com\/index.php\/wp-json\/wp\/v2\/product_brand?post=925"},{"taxonomy":"product_cat","embeddable":true,"href":"https:\/\/www.bintoufaitout.com\/index.php\/wp-json\/wp\/v2\/product_cat?post=925"},{"taxonomy":"product_tag","embeddable":true,"href":"https:\/\/www.bintoufaitout.com\/index.php\/wp-json\/wp\/v2\/product_tag?post=925"}],"curies":[{"name":"wp","href":"https:\/\/api.w.org\/{rel}","templated":true}]}}