{"id":931,"date":"2024-06-18T14:48:26","date_gmt":"2024-06-18T12:48:26","guid":{"rendered":"https:\/\/www.bintoufaitout.com\/?post_type=product&#038;p=931"},"modified":"2025-04-14T16:36:42","modified_gmt":"2025-04-14T14:36:42","slug":"lot-3-poeles-manches-amovibles","status":"publish","type":"product","link":"https:\/\/www.bintoufaitout.com\/index.php\/produit\/lot-3-poeles-manches-amovibles\/","title":{"rendered":"Lot 3 po\u00eales manches amovibles"},"content":{"rendered":"<p style=\"margin: 0px 0px 1rem;font-family: Montserrat, sans-serif;font-size: 14px;font-style: normal;font-weight: 400;letter-spacing: normal;text-align: start;text-indent: 0px;text-transform: none;text-decoration: none\">Avec les po\u00eales royal swiss c\u2019est un retour aux fondamentaux qui s\u2019offre \u00e0 vous ! Ces po\u00eales b\u00e9n\u00e9ficient d\u2019une nouvelle g\u00e9n\u00e9ration de rev\u00eatement plus r\u00e9sistante, et bien s\u00fbr sans PFOA*, tout en offrant des<span class=\"Apple-converted-space\">&nbsp;<\/span><strong style=\"font-weight: bolder\">qualit\u00e9s antiadh\u00e9sives<\/strong><span class=\"Apple-converted-space\">&nbsp;<\/span>toujours aussi performantes<\/p>\n<p style=\"margin: 0px 0px 1rem;font-family: Montserrat, sans-serif;font-size: 14px;font-style: normal;font-weight: 400;letter-spacing: normal;text-align: start;text-indent: 0px;text-transform: none;text-decoration: none\">Pour un rangement pratique et optimal, la<span class=\"Apple-converted-space\">&nbsp;<\/span><strong style=\"font-weight: bolder\">poign\u00e9e est amovible<\/strong>&nbsp;et incluse avec la po\u00eale<span class=\"Apple-converted-space\">&nbsp;<\/span>royal swiss. Une fois le manche retir\u00e9, empilez vos po\u00eales dans vos tiroirs, vous constaterez le gain de place ! Vous pouvez m\u00eame vous permettre de les<span class=\"Apple-converted-space\">&nbsp;<\/span><strong style=\"font-weight: bolder\">passer au lave-vaisselle<\/strong><span class=\"Apple-converted-space\">&nbsp;<\/span>ou<span class=\"Apple-converted-space\">&nbsp;<\/span><strong style=\"font-weight: bolder\">dans le four&nbsp;<\/strong>(sans le manche).<\/p>\n<p style=\"margin: 0px 0px 1rem;font-family: Montserrat, sans-serif;font-size: 14px;font-style: normal;font-weight: 400;letter-spacing: normal;text-align: start;text-indent: 0px;text-transform: none;text-decoration: none\">Les po\u00eales sont<span class=\"Apple-converted-space\">&nbsp;<\/span><strong style=\"font-weight: bolder\">compatibles tous feux dont l&rsquo;induction<\/strong>.<\/p>\n<ul style=\"margin-bottom: 1rem;margin-top: 0px;padding-left: 0px;font-family: Montserrat, sans-serif;font-size: 14px;font-style: normal;font-weight: 400;letter-spacing: normal;text-align: start;text-indent: 0px;text-transform: none;text-decoration: none\">\n<li style=\"list-style-type: disc\"><strong style=\"font-weight: bolder\">Coffrets<\/strong><\/li>\n<\/ul>\n<p style=\"margin: 0px 0px 1rem;font-family: Montserrat, sans-serif;font-size: 14px;font-style: normal;font-weight: 400;letter-spacing: normal;text-align: start;text-indent: 0px;text-transform: none;text-decoration: none\">Pour offrir, les coffrets de<span class=\"Apple-converted-space\">&nbsp;<\/span><strong style=\"font-weight: bolder\">po\u00eales de cuisson <\/strong>royal swiss sont le cadeau id\u00e9al.<\/p>\n<p style=\"margin: 0px 0px 1rem;font-family: Montserrat, sans-serif;font-size: 14px;font-style: normal;font-weight: 400;letter-spacing: normal;text-align: start;text-indent: 0px;text-transform: none;text-decoration: none\">&#8211;<span class=\"Apple-converted-space\">&nbsp;<\/span><strong style=\"font-weight: bolder\"><u><a href=\"https:\/\/www.durandal-cuisine.fr\/poeles-et-crepieres\/2-277-poele-antiadhesive-legende-durandal.html#\/38-taille-lot_de_3_20_24_28_cm\" style=\"background-color: transparent;text-decoration: underline;font-family: Montserrat, sans-serif\">Coffret de 3 po\u00eales<\/a><\/u><\/strong><span class=\"Apple-converted-space\">&nbsp;<\/span>: 20 cm, 24 cm, 28 cm +<span class=\"Apple-converted-space\">&nbsp;<\/span><strong style=\"font-weight: bolder\">3 manches<\/strong><span class=\"Apple-converted-space\">&nbsp;<\/span>amovibles<\/p>\n<p><strong style=\"font-weight: bolder\">Conseils d&rsquo;entretien<\/strong><\/p>\n<p>Vos po\u00eales L\u00e9gende passent au<span class=\"Apple-converted-space\">&nbsp;<\/span><strong style=\"font-weight: bolder\">lave-vaisselle<\/strong>&nbsp;(sans les manches), nous conseillons n\u00e9anmoins le lavage \u00e0 la main avec une \u00e9ponge non abrasive pour une meilleure&nbsp;<strong style=\"font-weight: bolder\">long\u00e9vit\u00e9<\/strong>&nbsp;du rev\u00eatement antiadh\u00e9sif.<\/p>\n","protected":false},"excerpt":{"rendered":"<p>Avec les po\u00eales royal swiss c\u2019est un retour aux fondamentaux qui s\u2019offre \u00e0 vous ! Ces po\u00eales b\u00e9n\u00e9ficient d\u2019une nouvelle g\u00e9n\u00e9ration de rev\u00eatement plus r\u00e9sistante, et bien s\u00fbr sans PFOA*, tout en offrant des&nbsp;qualit\u00e9s antiadh\u00e9sives&nbsp;toujours aussi performantes Pour un rangement pratique et optimal, la&nbsp;poign\u00e9e est amovible&nbsp;et incluse avec la po\u00eale&nbsp;royal swiss. Une fois le manche [&hellip;]<\/p>\n","protected":false},"featured_media":1143,"comment_status":"open","ping_status":"closed","template":"","meta":[],"product_brand":[],"product_cat":[23],"product_tag":[],"class_list":{"0":"post-931","1":"product","2":"type-product","3":"status-publish","4":"has-post-thumbnail","6":"product_cat-ustensiles-cuisine","8":"first","9":"outofstock","10":"shipping-taxable","11":"purchasable","12":"product-type-simple"},"jetpack_sharing_enabled":true,"_links":{"self":[{"href":"https:\/\/www.bintoufaitout.com\/index.php\/wp-json\/wp\/v2\/product\/931","targetHints":{"allow":["GET"]}}],"collection":[{"href":"https:\/\/www.bintoufaitout.com\/index.php\/wp-json\/wp\/v2\/product"}],"about":[{"href":"https:\/\/www.bintoufaitout.com\/index.php\/wp-json\/wp\/v2\/types\/product"}],"replies":[{"embeddable":true,"href":"https:\/\/www.bintoufaitout.com\/index.php\/wp-json\/wp\/v2\/comments?post=931"}],"wp:featuredmedia":[{"embeddable":true,"href":"https:\/\/www.bintoufaitout.com\/index.php\/wp-json\/wp\/v2\/media\/1143"}],"wp:attachment":[{"href":"https:\/\/www.bintoufaitout.com\/index.php\/wp-json\/wp\/v2\/media?parent=931"}],"wp:term":[{"taxonomy":"product_brand","embeddable":true,"href":"https:\/\/www.bintoufaitout.com\/index.php\/wp-json\/wp\/v2\/product_brand?post=931"},{"taxonomy":"product_cat","embeddable":true,"href":"https:\/\/www.bintoufaitout.com\/index.php\/wp-json\/wp\/v2\/product_cat?post=931"},{"taxonomy":"product_tag","embeddable":true,"href":"https:\/\/www.bintoufaitout.com\/index.php\/wp-json\/wp\/v2\/product_tag?post=931"}],"curies":[{"name":"wp","href":"https:\/\/api.w.org\/{rel}","templated":true}]}}