{"id":934,"date":"2024-06-26T13:54:53","date_gmt":"2024-06-26T11:54:53","guid":{"rendered":"https:\/\/www.bintoufaitout.com\/index.php\/produit\/lot-3-casseroles-poignees-amovibles\/"},"modified":"2026-01-08T14:11:48","modified_gmt":"2026-01-08T13:11:48","slug":"lot-3-casseroles-poignees-amovibles","status":"publish","type":"product","link":"https:\/\/www.bintoufaitout.com\/index.php\/produit\/lot-3-casseroles-poignees-amovibles\/","title":{"rendered":"Lot 3 casseroles poign\u00e9es amovibles"},"content":{"rendered":"<div id=\"featurebullets_feature_div\" class=\"a-section\">\n<div id=\"feature-bullets\" class=\"a-section a-spacing-small\">\n<ul class=\"a-unordered-list a-vertical a-spacing-none\">\n<li style=\"list-style-type: none\">\n<ul class=\"a-unordered-list a-vertical a-spacing-none\">\n<li><span class=\"a-list-item\">La collection Rosemberg ou Eisembach est certifi\u00e9e tout types de feux: induction, gaz, plaques \u00e9lectriques et vitroc\u00e9ramique<\/span><\/li>\n<\/ul>\n<\/li>\n<li><span class=\"a-list-item\">Equip\u00e9e de manches amovibles et de 3 couvercles, cette s\u00e9rie 3 casseroles 16-18-20 cm vous simplifie le nettoyage et le rangement.<\/span><\/li>\n<li><span class=\"a-list-item\">Entretien: passe au lave-vaisselle<\/span><\/li>\n<li><span class=\"a-list-item\">Compatible avec four sans poign\u00e9e<\/span><\/li>\n<\/ul>\n<\/div>\n<\/div>\n<div id=\"productDescription_feature_div\" class=\"a-section a-spacing-top-medium\">\n<h5><\/h5>\n<div id=\"productDescription_fullView\">\n<div class=\"a-section text-direction-override\" dir=\"auto\">\n<p>Cette s\u00e9rie de 3 casseroles 16-18-20 cm de diam\u00e8tre en fonte d&rsquo;aluminium, sans PFOA, est munie d&rsquo;un rev\u00eatement anti-adh\u00e9rent de haute performance fa\u00e7on pierre qui vous permet de conserver l&rsquo;authenticit\u00e9 du go\u00fbt des aliments, sans ajout de mati\u00e8re grasse. La fonte d&rsquo;aluminium vous garantit une r\u00e9sistance longue dur\u00e9e et une ind\u00e9formabilit\u00e9. Equip\u00e9e de manches amovibles et de 3 couvercles, cette s\u00e9rie 3 casseroles 16-18-20 cm vous simplifie le nettoyage et le rangement. Cette collection Passe au lave-vaisselle<\/p>\n<\/div>\n<\/div>\n<\/div>\n","protected":false},"excerpt":{"rendered":"<p>La collection Rosemberg ou Eisembach est certifi\u00e9e tout types de feux: induction, gaz, plaques \u00e9lectriques et vitroc\u00e9ramique Equip\u00e9e de manches amovibles et de 3 couvercles, cette s\u00e9rie 3 casseroles 16-18-20 cm vous simplifie le nettoyage et le rangement. Entretien: passe au lave-vaisselle Compatible avec four sans poign\u00e9e Cette s\u00e9rie de 3 casseroles 16-18-20 cm de [&hellip;]<\/p>\n","protected":false},"featured_media":933,"comment_status":"open","ping_status":"closed","template":"","meta":[],"product_brand":[],"product_cat":[58],"product_tag":[],"class_list":{"0":"post-934","1":"product","2":"type-product","3":"status-publish","4":"has-post-thumbnail","6":"product_cat-linges-de-lit","8":"first","9":"instock","10":"shipping-taxable","11":"purchasable","12":"product-type-simple"},"jetpack_sharing_enabled":true,"_links":{"self":[{"href":"https:\/\/www.bintoufaitout.com\/index.php\/wp-json\/wp\/v2\/product\/934","targetHints":{"allow":["GET"]}}],"collection":[{"href":"https:\/\/www.bintoufaitout.com\/index.php\/wp-json\/wp\/v2\/product"}],"about":[{"href":"https:\/\/www.bintoufaitout.com\/index.php\/wp-json\/wp\/v2\/types\/product"}],"replies":[{"embeddable":true,"href":"https:\/\/www.bintoufaitout.com\/index.php\/wp-json\/wp\/v2\/comments?post=934"}],"wp:featuredmedia":[{"embeddable":true,"href":"https:\/\/www.bintoufaitout.com\/index.php\/wp-json\/wp\/v2\/media\/933"}],"wp:attachment":[{"href":"https:\/\/www.bintoufaitout.com\/index.php\/wp-json\/wp\/v2\/media?parent=934"}],"wp:term":[{"taxonomy":"product_brand","embeddable":true,"href":"https:\/\/www.bintoufaitout.com\/index.php\/wp-json\/wp\/v2\/product_brand?post=934"},{"taxonomy":"product_cat","embeddable":true,"href":"https:\/\/www.bintoufaitout.com\/index.php\/wp-json\/wp\/v2\/product_cat?post=934"},{"taxonomy":"product_tag","embeddable":true,"href":"https:\/\/www.bintoufaitout.com\/index.php\/wp-json\/wp\/v2\/product_tag?post=934"}],"curies":[{"name":"wp","href":"https:\/\/api.w.org\/{rel}","templated":true}]}}