{"id":946,"date":"2024-07-06T16:29:10","date_gmt":"2024-07-06T14:29:10","guid":{"rendered":"https:\/\/www.bintoufaitout.com\/index.php\/produit\/produit-4\/"},"modified":"2024-07-06T16:30:16","modified_gmt":"2024-07-06T14:30:16","slug":"produit-4","status":"publish","type":"product","link":"https:\/\/www.bintoufaitout.com\/index.php\/produit\/produit-4\/","title":{"rendered":"Lot 24 couverts"},"content":{"rendered":"<p data-mce-fragment=\"1\" style=\"margin-top: 0px;margin-right: 0px;margin-bottom: var(--spacing-4);margin-left: 0px;font-family: Futura, sans-serif;font-weight: 400;font-style: normal;line-height: var(--line-height-body);font-size: 15.04px;letter-spacing: normal;text-align: start;text-indent: 0px;text-transform: none;text-decoration: none\"><em data-mce-fragment=\"1\" style=\"font-style: var(--font-body-italic)\">Faites de chaque repas une occasion \u00e9l\u00e9gante avec notre set de couverts pour 6 personnes. Fabriqu\u00e9 en acier inoxydable de haute qualit\u00e9, cet ensemble allie \u00e9l\u00e9gance et durabilit\u00e9.<\/em><\/p>\n<p data-mce-fragment=\"1\" style=\"margin-top: var(--spacing-4);margin-right: 0px;margin-bottom: var(--spacing-4);margin-left: 0px;font-family: Futura, sans-serif;font-weight: 400;font-style: normal;line-height: var(--line-height-body);font-size: 15.04px;letter-spacing: normal;text-align: start;text-indent: 0px;text-transform: none;text-decoration: none\"><strong data-mce-fragment=\"1\" style=\"font-weight: var(--font-body-bold-weight)\">Compris:<\/strong><\/p>\n<ul data-mce-fragment=\"1\" style=\"margin-top: var(--spacing-4);margin-bottom: var(--spacing-4);font-family: Futura, sans-serif;font-size: 15.04px;font-style: normal;font-weight: 400;letter-spacing: normal;text-align: start;text-indent: 0px;text-transform: none;text-decoration: none\">\n<li data-mce-fragment=\"1\" style=\"font-family: var(--font-body);font-weight: var(--font-body-weight);font-style: var(--font-body-style);line-height: var(--line-height-body);margin-top: 0px\">6 couteaux<\/li>\n<li data-mce-fragment=\"1\" style=\"font-family: var(--font-body);font-weight: var(--font-body-weight);font-style: var(--font-body-style);line-height: var(--line-height-body);margin-top: var(--spacing-2)\">6 cuill\u00e8res<\/li>\n<li data-mce-fragment=\"1\" style=\"font-family: var(--font-body);font-weight: var(--font-body-weight);font-style: var(--font-body-style);line-height: var(--line-height-body);margin-top: var(--spacing-2)\">6 fourchettes<\/li>\n<li data-mce-fragment=\"1\" style=\"font-family: var(--font-body);font-weight: var(--font-body-weight);font-style: var(--font-body-style);line-height: var(--line-height-body);margin-top: var(--spacing-2)\">6 cuill\u00e8res \u00e0 caf\u00e9<\/li>\n<\/ul>\n<p data-mce-fragment=\"1\" style=\"margin-top: var(--spacing-4);margin-right: 0px;margin-bottom: var(--spacing-4);margin-left: 0px;font-family: Futura, sans-serif;font-weight: 400;font-style: normal;line-height: var(--line-height-body);font-size: 15.04px;letter-spacing: normal;text-align: start;text-indent: 0px;text-transform: none;text-decoration: none\"><strong data-mce-fragment=\"1\" style=\"font-weight: var(--font-body-bold-weight)\">Caract\u00e9ristiques:<\/strong><\/p>\n<ul data-mce-fragment=\"1\" style=\"margin-top: var(--spacing-4);margin-bottom: var(--spacing-4);font-family: Futura, sans-serif;font-size: 15.04px;font-style: normal;font-weight: 400;letter-spacing: normal;text-align: start;text-indent: 0px;text-transform: none;text-decoration: none\">\n<li data-mce-fragment=\"1\" style=\"font-family: var(--font-body);font-weight: var(--font-body-weight);font-style: var(--font-body-style);line-height: var(--line-height-body);margin-top: 0px\"><strong data-mce-fragment=\"1\" style=\"font-weight: var(--font-body-bold-weight)\">Design \u00e9l\u00e9gant :<\/strong><span data-mce-fragment=\"1\">&nbsp;<\/span>Un design intemporel qui s&rsquo;adapte \u00e0 n&rsquo;importe quelle table.<\/li>\n<li data-mce-fragment=\"1\" style=\"font-family: var(--font-body);font-weight: var(--font-body-weight);font-style: var(--font-body-style);line-height: var(--line-height-body);margin-top: var(--spacing-2)\"><strong data-mce-fragment=\"1\" style=\"font-weight: var(--font-body-bold-weight)\">Acier inoxydable durable&nbsp;:<\/strong><span data-mce-fragment=\"1\">&nbsp;<\/span>Con\u00e7u pour durer et r\u00e9sister \u00e0 une utilisation quotidienne.<\/li>\n<li data-mce-fragment=\"1\" style=\"font-family: var(--font-body);font-weight: var(--font-body-weight);font-style: var(--font-body-style);line-height: var(--line-height-body);margin-top: var(--spacing-2)\"><strong data-mce-fragment=\"1\" style=\"font-weight: var(--font-body-bold-weight)\">Lave-vaisselle:<\/strong><span data-mce-fragment=\"1\">&nbsp;<\/span>Facile \u00e0 nettoyer pour plus de commodit\u00e9.<\/li>\n<\/ul>\n","protected":false},"excerpt":{"rendered":"<p>Faites de chaque repas une occasion \u00e9l\u00e9gante avec notre set de couverts pour 6 personnes. Fabriqu\u00e9 en acier inoxydable de haute qualit\u00e9, cet ensemble allie \u00e9l\u00e9gance et durabilit\u00e9. Compris: 6 couteaux 6 cuill\u00e8res 6 fourchettes 6 cuill\u00e8res \u00e0 caf\u00e9 Caract\u00e9ristiques: Design \u00e9l\u00e9gant :&nbsp;Un design intemporel qui s&rsquo;adapte \u00e0 n&rsquo;importe quelle table. Acier inoxydable durable&nbsp;:&nbsp;Con\u00e7u pour [&hellip;]<\/p>\n","protected":false},"featured_media":945,"comment_status":"open","ping_status":"closed","template":"","meta":[],"product_brand":[],"product_cat":[58],"product_tag":[],"class_list":{"0":"post-946","1":"product","2":"type-product","3":"status-publish","4":"has-post-thumbnail","6":"product_cat-linges-de-lit","8":"first","9":"instock","10":"sale","11":"shipping-taxable","12":"purchasable","13":"product-type-simple"},"jetpack_sharing_enabled":true,"_links":{"self":[{"href":"https:\/\/www.bintoufaitout.com\/index.php\/wp-json\/wp\/v2\/product\/946","targetHints":{"allow":["GET"]}}],"collection":[{"href":"https:\/\/www.bintoufaitout.com\/index.php\/wp-json\/wp\/v2\/product"}],"about":[{"href":"https:\/\/www.bintoufaitout.com\/index.php\/wp-json\/wp\/v2\/types\/product"}],"replies":[{"embeddable":true,"href":"https:\/\/www.bintoufaitout.com\/index.php\/wp-json\/wp\/v2\/comments?post=946"}],"wp:featuredmedia":[{"embeddable":true,"href":"https:\/\/www.bintoufaitout.com\/index.php\/wp-json\/wp\/v2\/media\/945"}],"wp:attachment":[{"href":"https:\/\/www.bintoufaitout.com\/index.php\/wp-json\/wp\/v2\/media?parent=946"}],"wp:term":[{"taxonomy":"product_brand","embeddable":true,"href":"https:\/\/www.bintoufaitout.com\/index.php\/wp-json\/wp\/v2\/product_brand?post=946"},{"taxonomy":"product_cat","embeddable":true,"href":"https:\/\/www.bintoufaitout.com\/index.php\/wp-json\/wp\/v2\/product_cat?post=946"},{"taxonomy":"product_tag","embeddable":true,"href":"https:\/\/www.bintoufaitout.com\/index.php\/wp-json\/wp\/v2\/product_tag?post=946"}],"curies":[{"name":"wp","href":"https:\/\/api.w.org\/{rel}","templated":true}]}}