{"id":950,"date":"2024-07-06T16:34:25","date_gmt":"2024-07-06T14:34:25","guid":{"rendered":"https:\/\/www.bintoufaitout.com\/index.php\/produit\/lot-3-thermos-alimentaire-3\/"},"modified":"2026-03-07T14:52:19","modified_gmt":"2026-03-07T13:52:19","slug":"lot-3-thermos-alimentaire-3","status":"publish","type":"product","link":"https:\/\/www.bintoufaitout.com\/index.php\/produit\/lot-3-thermos-alimentaire-3\/","title":{"rendered":"Lot 3 Thermos alimentaire"},"content":{"rendered":"<p>Lot de 3 casseroles isol\u00e9es blanches dor\u00e9e de haute qualit\u00e9.<br \/>\nDesign attrayant avec finition brillante.<br \/>\nLe bol en acier inoxydable et le couvercle plastique renforc\u00e9 aident \u00e0 garder les aliments chauds ou froid pendant 5 \u00e0 6 heures<br \/>\nCapacit\u00e9 1\/3\/5litres<br \/>\nPeut \u00eatre utilis\u00e9 pour tout type d&rsquo;aliments en int\u00e9rieur ou en ext\u00e9rieur<\/p>\n","protected":false},"excerpt":{"rendered":"<p>Lot de 3 casseroles isol\u00e9es blanches dor\u00e9e de haute qualit\u00e9. Design attrayant avec finition brillante. Le bol en acier inoxydable et le couvercle plastique renforc\u00e9 aident \u00e0 garder les aliments chauds ou froid pendant 5 \u00e0 6 heures Capacit\u00e9 1\/3\/5litres Peut \u00eatre utilis\u00e9 pour tout type d&rsquo;aliments en int\u00e9rieur ou en ext\u00e9rieur<\/p>\n","protected":false},"featured_media":1911,"comment_status":"open","ping_status":"closed","template":"","meta":[],"product_brand":[],"product_cat":[58],"product_tag":[],"class_list":{"0":"post-950","1":"product","2":"type-product","3":"status-publish","4":"has-post-thumbnail","6":"product_cat-linges-de-lit","7":"product_shipping_class-24","9":"first","10":"outofstock","11":"sale","12":"shipping-taxable","13":"purchasable","14":"product-type-simple"},"jetpack_sharing_enabled":true,"_links":{"self":[{"href":"https:\/\/www.bintoufaitout.com\/index.php\/wp-json\/wp\/v2\/product\/950","targetHints":{"allow":["GET"]}}],"collection":[{"href":"https:\/\/www.bintoufaitout.com\/index.php\/wp-json\/wp\/v2\/product"}],"about":[{"href":"https:\/\/www.bintoufaitout.com\/index.php\/wp-json\/wp\/v2\/types\/product"}],"replies":[{"embeddable":true,"href":"https:\/\/www.bintoufaitout.com\/index.php\/wp-json\/wp\/v2\/comments?post=950"}],"wp:featuredmedia":[{"embeddable":true,"href":"https:\/\/www.bintoufaitout.com\/index.php\/wp-json\/wp\/v2\/media\/1911"}],"wp:attachment":[{"href":"https:\/\/www.bintoufaitout.com\/index.php\/wp-json\/wp\/v2\/media?parent=950"}],"wp:term":[{"taxonomy":"product_brand","embeddable":true,"href":"https:\/\/www.bintoufaitout.com\/index.php\/wp-json\/wp\/v2\/product_brand?post=950"},{"taxonomy":"product_cat","embeddable":true,"href":"https:\/\/www.bintoufaitout.com\/index.php\/wp-json\/wp\/v2\/product_cat?post=950"},{"taxonomy":"product_tag","embeddable":true,"href":"https:\/\/www.bintoufaitout.com\/index.php\/wp-json\/wp\/v2\/product_tag?post=950"}],"curies":[{"name":"wp","href":"https:\/\/api.w.org\/{rel}","templated":true}]}}